{"id":6,"date":"2018-01-05T20:54:33","date_gmt":"2018-01-05T19:54:33","guid":{"rendered":"http:\/\/www.adverbum-berlin.de\/?page_id=2"},"modified":"2018-02-24T16:02:46","modified_gmt":"2018-02-24T15:02:46","slug":"start","status":"publish","type":"page","link":"https:\/\/www.adverbum-berlin.de\/de\/","title":{"rendered":"Start"},"content":{"rendered":"<p><strong>Sprache auf den Punkt gebracht:<\/strong><br \/>\n<strong>AdVerbum Berlin ist die beste Adresse f\u00fcr \u00dcbersetzungen und werbliche Adaptionen, denn bei uns erhalten Sie Qualit\u00e4t zu Top-Preisen. Unsere erfahrenen Spezialisten \u00fcbersetzen verschiedenste Fachrichtungen, vom Werbetext bis zur Bedienungsanleitung.<\/strong><\/p>\n<p>AdVerbum Berlin ist eine junge, engagierte Agentur mit langj\u00e4hrigem Erfahrungshintergrund im Bereich Fach\u00fcbersetzungen, fremdsprachlicher Werbung und Lektorate.<br \/>\nWir \u00fcbersetzen und adaptieren f\u00fcr Sie Texte aus beinahe allen Fachgebieten in fast alle Sprachen! Und das auch noch termingetreu und schnell!<\/p>\n<p>Wenn Sie hohe Anspr\u00fcche an \u00dcbersetzung oder Adaption haben, sind Sie bei uns genau richtig! Denn Sie erhalten bei uns nicht irgendeine \u00dcbersetzung.<br \/>\nWir liefern, entsprechend Ihres Briefings, wortgetreue \u00dcbersetzungen, oder wir bearbeiten Ihren Text nicht nur unter sprachlichen, sondern auch unter werblichen Aspekten.<\/p>\n","protected":false},"excerpt":{"rendered":"<p>Sprache auf den Punkt gebracht: AdVerbum Berlin ist die beste Adresse f\u00fcr \u00dcbersetzungen und werbliche Adaptionen, denn bei uns erhalten Sie Qualit\u00e4t zu Top-Preisen. Unsere erfahrenen Spezialisten \u00fcbersetzen verschiedenste Fachrichtungen, vom Werbetext bis zur Bedienungsanleitung. AdVerbum Berlin ist eine junge, engagierte Agentur mit langj\u00e4hrigem Erfahrungshintergrund im Bereich Fach\u00fcbersetzungen, fremdsprachlicher Werbung und Lektorate. Wir \u00fcbersetzen und [&hellip;]<\/p>\n","protected":false},"author":1,"featured_media":0,"parent":0,"menu_order":0,"comment_status":"closed","ping_status":"open","template":"","meta":{"footnotes":""},"acf":[],"_links":{"self":[{"href":"https:\/\/www.adverbum-berlin.de\/de\/wp-json\/wp\/v2\/pages\/6"}],"collection":[{"href":"https:\/\/www.adverbum-berlin.de\/de\/wp-json\/wp\/v2\/pages"}],"about":[{"href":"https:\/\/www.adverbum-berlin.de\/de\/wp-json\/wp\/v2\/types\/page"}],"author":[{"embeddable":true,"href":"https:\/\/www.adverbum-berlin.de\/de\/wp-json\/wp\/v2\/users\/1"}],"replies":[{"embeddable":true,"href":"https:\/\/www.adverbum-berlin.de\/de\/wp-json\/wp\/v2\/comments?post=6"}],"version-history":[{"count":6,"href":"https:\/\/www.adverbum-berlin.de\/de\/wp-json\/wp\/v2\/pages\/6\/revisions"}],"predecessor-version":[{"id":60,"href":"https:\/\/www.adverbum-berlin.de\/de\/wp-json\/wp\/v2\/pages\/6\/revisions\/60"}],"wp:attachment":[{"href":"https:\/\/www.adverbum-berlin.de\/de\/wp-json\/wp\/v2\/media?parent=6"}],"curies":[{"name":"wp","href":"https:\/\/api.w.org\/{rel}","templated":true}]}}